{"id":20,"date":"2025-09-01T22:54:22","date_gmt":"2025-09-01T21:54:22","guid":{"rendered":"https:\/\/www.can.pt\/?page_id=20"},"modified":"2025-11-29T18:23:29","modified_gmt":"2025-11-29T18:23:29","slug":"novo-socio","status":"publish","type":"page","link":"https:\/\/www.can.pt\/index.php\/novo-socio\/","title":{"rendered":"Novo S\u00f3cio"},"content":{"rendered":"<style>.kb-row-layout-id20_45eb82-f5 > .kt-row-column-wrap{align-content:start;}:where(.kb-row-layout-id20_45eb82-f5 > .kt-row-column-wrap) > .wp-block-kadence-column{justify-content:start;}.kb-row-layout-id20_45eb82-f5 > .kt-row-column-wrap{column-gap:var(--global-kb-gap-md, 2rem);row-gap:var(--global-kb-gap-md, 2rem);padding-top:var(--global-kb-spacing-sm, 1.5rem);padding-bottom:var(--global-kb-spacing-sm, 1.5rem);grid-template-columns:minmax(0, 1fr);}.kb-row-layout-id20_45eb82-f5 > .kt-row-layout-overlay{opacity:0.30;}@media all and (max-width: 1024px){.kb-row-layout-id20_45eb82-f5 > .kt-row-column-wrap{grid-template-columns:minmax(0, 1fr);}}@media all and (max-width: 767px){.kb-row-layout-id20_45eb82-f5 > .kt-row-column-wrap{grid-template-columns:minmax(0, 1fr);}}<\/style><div class=\"kb-row-layout-wrap kb-row-layout-id20_45eb82-f5 alignnone wp-block-kadence-rowlayout\"><div class=\"kt-row-column-wrap kt-has-1-columns kt-row-layout-equal kt-tab-layout-inherit kt-mobile-layout-row kt-row-valign-top\">\n<style>.kadence-column20_04f198-04 > .kt-inside-inner-col,.kadence-column20_04f198-04 > .kt-inside-inner-col:before{border-top-left-radius:0px;border-top-right-radius:0px;border-bottom-right-radius:0px;border-bottom-left-radius:0px;}.kadence-column20_04f198-04 > .kt-inside-inner-col{column-gap:var(--global-kb-gap-sm, 1rem);}.kadence-column20_04f198-04 > .kt-inside-inner-col{flex-direction:column;}.kadence-column20_04f198-04 > .kt-inside-inner-col > .aligncenter{width:100%;}.kadence-column20_04f198-04 > .kt-inside-inner-col:before{opacity:0.3;}.kadence-column20_04f198-04{position:relative;}@media all and (max-width: 1024px){.kadence-column20_04f198-04 > .kt-inside-inner-col{flex-direction:column;justify-content:center;}}@media all and (max-width: 767px){.kadence-column20_04f198-04 > .kt-inside-inner-col{flex-direction:column;justify-content:center;}}<\/style>\n<div class=\"wp-block-kadence-column kadence-column20_04f198-04\"><div class=\"kt-inside-inner-col\">\n<p>ecess\u00e1rios e preenche-los devidamente. Estes ficheiros s\u00e3o do tipo PDF e cont\u00eam formul\u00e1rios que permitem ser preenchidos directamente no computador assim como anexar a sua fotografia digitalizada, para isso \u00e9 necess\u00e1rio clicar e percorrer os diversos campos a serem preenchidos. Depois dos ficheiros preenchidos podem ser impressos. Os ficheiros tamb\u00e9m podem ser preenchidos manualmente, deixando por preencher os campos devidamente identificados.<\/p>\n\n\n\n<p><strong>ATEN\u00c7\u00c3O:<\/strong>&nbsp;Os ficheiros n\u00e3o permitem guardar os dados preenchidos, depois de encerrados os dados anteriormente preenchidos ser\u00e3o perdidos. Caso n\u00e3o consiga visualizar os ficheiros PDF fa\u00e7a download gratuito do programa&nbsp;<a href=\"http:\/\/www.adobe.com\/products\/acrobat\/readstep2.html\" target=\"_blank\" rel=\"noreferrer noopener\">AcrobatReader<\/a>.<\/p>\n\n\n\n<p>Por favor, siga os passos em baixo para se tornar s\u00f3cio do CAN.<\/p>\n\n\n\n<p><strong>1 &#8211; Fa\u00e7a download das propostas CAN e FPAm e preenche-as devidamente:<\/strong><\/p>\n\n\n\n<ul class=\"wp-block-list\">\n<li><a href=\"https:\/\/www.can.pt\/wp-content\/uploads\/2025\/11\/PropostaSocioCAN.pdf\" target=\"_blank\" rel=\"noreferrer noopener\">Proposta do CAN<\/a><\/li>\n\n\n\n<li><a href=\"https:\/\/www.can.pt\/wp-content\/uploads\/2025\/11\/000002xo.pdf\" target=\"_blank\" rel=\"noreferrer noopener\">Requisi\u00e7\u00e3o de Licen\u00e7a Desportiva da FPAm<\/a><\/li>\n<\/ul>\n\n\n\n<p><strong>2 &#8211; Documentos a entregar:<\/strong><\/p>\n\n\n\n<ul class=\"wp-block-list\">\n<li>Proposta para Novo S\u00f3cio(a) (devidamente preenchida e assinada)<\/li>\n\n\n\n<li>Termo de Responsabilidade (devidamente preenchido e assinado)<\/li>\n\n\n\n<li>Requisi\u00e7\u00e3o de Licen\u00e7a Desportiva (devidamente preenchida e assinada)<\/li>\n\n\n\n<li>Duas fotografias tipo passe actualizadas<\/li>\n\n\n\n<li>Uma fotoc\u00f3pia do Bilhete de Identidade<\/li>\n\n\n\n<li>Uma fotoc\u00f3pia do N\u00famero de Contribuinte<\/li>\n<\/ul>\n\n\n\n<p><strong>3 &#8211; Forma de pagamento de J\u00f3ia, Quotas e Seguro:<\/strong><\/p>\n\n\n\n<p>O pagamento pode ser feito por cheque \u00e0 ordem de Clube Aeromodelismo do Norte ou por transfer\u00eancia banc\u00e1ria, caso opte por fazer o pagamento atrav\u00e9s de transfer\u00eancia aqui fica o NIB:&nbsp;<strong>IBAN:PT50 000 700 000 038 627 349 823.&nbsp;<\/strong>&nbsp;Consulte a tabela em baixo para determinar o valor a pagar. Qualquer duvida contactar manuelcardoso@can.pt<\/p>\n\n\n<style>.kt-tabs-id20_01edab-e6 > .kt-tabs-content-wrap > .wp-block-kadence-tab{border-top:1px solid #bcbcbc;border-right:1px solid #bcbcbc;border-bottom:1px solid #bcbcbc;border-left:1px solid #bcbcbc;border-top-left-radius:0px;border-top-right-radius:0px;border-bottom-right-radius:0px;border-bottom-left-radius:0px;padding-top:var(--global-kb-spacing-sm, 1.5rem);padding-right:var(--global-kb-spacing-sm, 1.5rem);padding-bottom:var(--global-kb-spacing-sm, 1.5rem);padding-left:var(--global-kb-spacing-sm, 1.5rem);background:var(--global-palette9, #ffffff);}.wp-block-kadence-tabs .kt-tabs-id20_01edab-e6 > .kt-tabs-title-list li{margin-top:0px;margin-right:8px;margin-bottom:-1px;margin-left:0px;}.wp-block-kadence-tabs .kt-tabs-id20_01edab-e6 > .kt-tabs-title-list li:last-child{margin-right:0px;}.wp-block-kadence-tabs .kt-tabs-id20_01edab-e6 > .kt-tabs-title-list li .kt-tab-title, .wp-block-kadence-tabs .kt-tabs-id20_01edab-e6 > .kt-tabs-content-wrap > .kt-tabs-accordion-title .kt-tab-title{line-height:1.4em;font-weight:regular;font-style:normal;border-top-width:1px;border-right-width:1px;border-bottom-width:0px;border-left-width:1px;border-top-left-radius:4px;border-top-right-radius:4px;border-bottom-right-radius:0px;border-bottom-left-radius:0px;padding-top:8px;padding-right:20px;padding-bottom:8px;padding-left:20px;border-color:var(--global-palette7, #eeeeee);color:var(--global-palette5, #444444);background:var(--global-palette9, #ffffff);}.wp-block-kadence-tabs .kt-tabs-id20_01edab-e6 > .kt-tabs-content-wrap > .kt-tabs-accordion-title .kt-tab-title{margin-top:0px;margin-right:8px;margin-bottom:-1px;margin-left:0px;}.wp-block-kadence-tabs .kt-tabs-id20_01edab-e6 > .kt-tabs-title-list li .kt-tab-title:hover, .wp-block-kadence-tabs .kt-tabs-id20_01edab-e6 > .kt-tabs-content-wrap > .kt-tabs-accordion-title .kt-tab-title:hover{border-color:var(--global-palette8, #F7FAFC);color:var(--global-palette5, #444444);background:var(--global-palette9, #ffffff);}.wp-block-kadence-tabs .kt-tabs-id20_01edab-e6 > .kt-tabs-title-list li.kt-tab-title-active .kt-tab-title, .wp-block-kadence-tabs .kt-tabs-id20_01edab-e6 > .kt-tabs-content-wrap > .kt-tabs-accordion-title.kt-tab-title-active .kt-tab-title{border-color:#bcbcbc;color:var(--global-palette5, #444444);background:var(--global-palette9, #ffffff);}@media all and (max-width: 1024px){.kt-tabs-id20_01edab-e6 > .kt-tabs-content-wrap > .wp-block-kadence-tab{border-top:1px solid #bcbcbc;border-right:1px solid #bcbcbc;border-bottom:1px solid #bcbcbc;border-left:1px solid #bcbcbc;}}@media all and (max-width: 767px){.kt-tabs-id20_01edab-e6 > .kt-tabs-content-wrap > .wp-block-kadence-tab{border-top:1px solid #bcbcbc;border-right:1px solid #bcbcbc;border-bottom:1px solid #bcbcbc;border-left:1px solid #bcbcbc;}}<\/style>\n<div class=\"wp-block-kadence-tabs alignnone\"><div class=\"kt-tabs-wrap kt-tabs-id20_01edab-e6 kt-tabs-has-2-tabs kt-active-tab-2 kt-tabs-layout-tabs kt-tabs-tablet-layout-inherit kt-tabs-mobile-layout-inherit kt-tab-alignment-left \"><ul class=\"kt-tabs-title-list\"><li id=\"tab-quotas\" class=\"kt-title-item kt-title-item-1 kt-tabs-svg-show-always kt-tabs-icon-side-right kt-tab-title-inactive\"><a href=\"#tab-quotas\" data-tab=\"1\" class=\"kt-tab-title kt-tab-title-1 \"><span class=\"kt-title-text\">Quotas<\/span><\/a><\/li><li id=\"tab-seguro\" class=\"kt-title-item kt-title-item-2 kt-tabs-svg-show-always kt-tabs-icon-side-right kt-tab-title-active\"><a href=\"#tab-seguro\" data-tab=\"2\" class=\"kt-tab-title kt-tab-title-2 \"><span class=\"kt-title-text\">Seguro<\/span><\/a><\/li><\/ul><div class=\"kt-tabs-content-wrap\">\n<div class=\"wp-block-kadence-tab kt-tab-inner-content kt-inner-tab-1 kt-inner-tab20_a6a440-4c\"><div class=\"kt-tab-inner-content-inner\"><style>.kb-row-layout-id20_abc278-0e > .kt-row-column-wrap{align-content:start;}:where(.kb-row-layout-id20_abc278-0e > .kt-row-column-wrap) > .wp-block-kadence-column{justify-content:start;}.kb-row-layout-id20_abc278-0e > .kt-row-column-wrap{column-gap:var(--global-kb-gap-md, 2rem);row-gap:var(--global-kb-gap-md, 2rem);padding-top:var(--global-kb-spacing-sm, 1.5rem);padding-bottom:var(--global-kb-spacing-sm, 1.5rem);grid-template-columns:minmax(0, 1fr);}.kb-row-layout-id20_abc278-0e > .kt-row-layout-overlay{opacity:0.30;}@media all and (max-width: 1024px){.kb-row-layout-id20_abc278-0e > .kt-row-column-wrap{grid-template-columns:minmax(0, 1fr);}}@media all and (max-width: 767px){.kb-row-layout-id20_abc278-0e > .kt-row-column-wrap{grid-template-columns:minmax(0, 1fr);}}<\/style><div class=\"kb-row-layout-wrap kb-row-layout-id20_abc278-0e alignnone wp-block-kadence-rowlayout\"><div class=\"kt-row-column-wrap kt-has-1-columns kt-row-layout-equal kt-tab-layout-inherit kt-mobile-layout-row kt-row-valign-top\">\n<style>.kadence-column20_a668ec-94 > .kt-inside-inner-col,.kadence-column20_a668ec-94 > .kt-inside-inner-col:before{border-top-left-radius:0px;border-top-right-radius:0px;border-bottom-right-radius:0px;border-bottom-left-radius:0px;}.kadence-column20_a668ec-94 > .kt-inside-inner-col{column-gap:var(--global-kb-gap-sm, 1rem);}.kadence-column20_a668ec-94 > .kt-inside-inner-col{flex-direction:column;}.kadence-column20_a668ec-94 > .kt-inside-inner-col > .aligncenter{width:100%;}.kadence-column20_a668ec-94 > .kt-inside-inner-col:before{opacity:0.3;}.kadence-column20_a668ec-94{position:relative;}@media all and (max-width: 1024px){.kadence-column20_a668ec-94 > .kt-inside-inner-col{flex-direction:column;justify-content:center;}}@media all and (max-width: 767px){.kadence-column20_a668ec-94 > .kt-inside-inner-col{flex-direction:column;justify-content:center;}}<\/style>\n<div class=\"wp-block-kadence-column kadence-column20_a668ec-94\"><div class=\"kt-inside-inner-col\">\n<figure class=\"wp-block-table\"><table class=\"has-fixed-layout\"><tbody><tr><td><strong>&#8212;<\/strong><\/td><td><strong>S\u00f3cios com menos de 18 anos<\/strong><\/td><td><strong>S\u00f3cios com 18 anos ou mais<\/strong><\/td><\/tr><tr><td>J\u00f3ia<\/td><td>30.00\u20ac<\/td><td>50.00\u20ac<\/td><\/tr><tr><td>Quota<\/td><td>12 x 3.00\u20ac<\/td><td>12 x 4.00\u20ac<\/td><\/tr><tr><td>Cart\u00e3o do Clube<\/td><td>5.00\u20ac<\/td><td>5.00\u20ac<\/td><\/tr><tr><td>Seguro Federa\u00e7\u00e3o<\/td><td>Consultar tabela do seguro<\/td><td>Consultar tabela do seguro<\/td><\/tr><\/tbody><\/table><\/figure>\n<\/div><\/div>\n\n<\/div><\/div><\/div><\/div>\n\n\n\n<div class=\"wp-block-kadence-tab kt-tab-inner-content kt-inner-tab-2 kt-inner-tab20_d8314c-09\"><div class=\"kt-tab-inner-content-inner\"><style>.kb-row-layout-id20_885058-9d > .kt-row-column-wrap{align-content:start;}:where(.kb-row-layout-id20_885058-9d > .kt-row-column-wrap) > .wp-block-kadence-column{justify-content:start;}.kb-row-layout-id20_885058-9d > .kt-row-column-wrap{column-gap:var(--global-kb-gap-md, 2rem);row-gap:var(--global-kb-gap-md, 2rem);padding-top:var(--global-kb-spacing-sm, 1.5rem);padding-bottom:var(--global-kb-spacing-sm, 1.5rem);grid-template-columns:minmax(0, 1fr);}.kb-row-layout-id20_885058-9d > .kt-row-layout-overlay{opacity:0.30;}@media all and (max-width: 1024px){.kb-row-layout-id20_885058-9d > .kt-row-column-wrap{grid-template-columns:minmax(0, 1fr);}}@media all and (max-width: 767px){.kb-row-layout-id20_885058-9d > .kt-row-column-wrap{grid-template-columns:minmax(0, 1fr);}}<\/style><div class=\"kb-row-layout-wrap kb-row-layout-id20_885058-9d alignnone wp-block-kadence-rowlayout\"><div class=\"kt-row-column-wrap kt-has-1-columns kt-row-layout-equal kt-tab-layout-inherit kt-mobile-layout-row kt-row-valign-top\">\n<style>.kadence-column20_d4b3b9-ef > .kt-inside-inner-col,.kadence-column20_d4b3b9-ef > .kt-inside-inner-col:before{border-top-left-radius:0px;border-top-right-radius:0px;border-bottom-right-radius:0px;border-bottom-left-radius:0px;}.kadence-column20_d4b3b9-ef > .kt-inside-inner-col{column-gap:var(--global-kb-gap-sm, 1rem);}.kadence-column20_d4b3b9-ef > .kt-inside-inner-col{flex-direction:column;}.kadence-column20_d4b3b9-ef > .kt-inside-inner-col > .aligncenter{width:100%;}.kadence-column20_d4b3b9-ef > .kt-inside-inner-col:before{opacity:0.3;}.kadence-column20_d4b3b9-ef{position:relative;}@media all and (max-width: 1024px){.kadence-column20_d4b3b9-ef > .kt-inside-inner-col{flex-direction:column;justify-content:center;}}@media all and (max-width: 767px){.kadence-column20_d4b3b9-ef > .kt-inside-inner-col{flex-direction:column;justify-content:center;}}<\/style>\n<div class=\"wp-block-kadence-column kadence-column20_d4b3b9-ef\"><div class=\"kt-inside-inner-col\">\n<figure class=\"wp-block-table\"><table class=\"has-fixed-layout\"><tbody><tr><td><strong>Descri\u00e7\u00e3o<\/strong><\/td><td><strong>Data<\/strong><\/td><td><strong>Valor<\/strong><\/td><td><strong>Data<\/strong><\/td><td><strong>Valor<\/strong><\/td><\/tr><tr><td>Licen\u00e7a Nova Cadete<\/td><td>De 1 de Janeiro a 30 de Junho<\/td><td>7.50\u20ac<\/td><td>De 1 de Junho a 31 de Dezembro<\/td><td>4.00\u20ac<\/td><\/tr><tr><td>Licen\u00e7a Nova J\u00fanior<\/td><td>De 1 de Janeiro a 30 de Junho<\/td><td>17.50\u20ac<\/td><td>De 1 de Junho a 31 de Dezembro<\/td><td>9.00\u20ac<\/td><\/tr><tr><td>Licen\u00e7a Nova S\u00e9nior<\/td><td>De 1 de Janeiro a 30 de Junho<\/td><td>40.00\u20ac<\/td><td>De 1 de Junho a 31 de Dezembro<\/td><td>25.00\u20ac<\/td><\/tr><tr><td>Licen\u00e7a de Inicia\u00e7\u00e3o Cadete<\/td><td>V\u00e1lida por um ano<\/td><td>3.50\u20ac<\/td><td>A partir da data de emiss\u00e3o<\/td><td>&#8211;<\/td><\/tr><tr><td>Licen\u00e7a de Inicia\u00e7\u00e3o J\u00fanior<\/td><td>V\u00e1lida por um ano<\/td><td>9.00\u20ac<\/td><td>A partir da data de emiss\u00e3o<\/td><td>&#8211;<\/td><\/tr><tr><td>Licen\u00e7a de Inicia\u00e7\u00e3o S\u00e9nior<\/td><td>V\u00e1lida por um ano<\/td><td>24.00\u20ac<\/td><td>A partir da data de emiss\u00e3o<\/td><td>&#8211;<\/td><\/tr><tr><td>Renova\u00e7\u00e3o de Licen\u00e7a Cadete<\/td><td>De 1 a 31 de Dezembro<\/td><td>6.00\u20ac<\/td><td>De 1 de Janeiro a 30 de Novembro *<\/td><td>12.00\u20ac<\/td><\/tr><tr><td>Renova\u00e7\u00e3o de Licen\u00e7a J\u00fanior<\/td><td>De 1 a 31 de Dezembro<\/td><td>12.00\u20ac<\/td><td>De 1 de Janeiro a 30 de Novembro *<\/td><td>24.00\u20ac<\/td><\/tr><tr><td>Renova\u00e7\u00e3o de Licen\u00e7a S\u00e9nior<\/td><td>De 1 a 31 de Dezembro<\/td><td>35.00\u20ac<\/td><td>De 1 de Janeiro a 30 de Novembro *<\/td><td>70.00\u20ac<\/td><\/tr><tr><td>Taxa de Urg\u00eancia<\/td><td>Emiss\u00e3o imediata<\/td><td>10.00\u20ac<\/td><td>&#8211;<\/td><td>&#8211;<\/td><\/tr><\/tbody><\/table><\/figure>\n\n\n<style>.kb-row-layout-id20_6f32d3-88 > .kt-row-column-wrap{align-content:start;}:where(.kb-row-layout-id20_6f32d3-88 > .kt-row-column-wrap) > .wp-block-kadence-column{justify-content:start;}.kb-row-layout-id20_6f32d3-88 > .kt-row-column-wrap{column-gap:var(--global-kb-gap-md, 2rem);row-gap:var(--global-kb-gap-md, 2rem);padding-top:0px;padding-bottom:var(--global-kb-spacing-sm, 1.5rem);grid-template-columns:minmax(0, 1fr);}.kb-row-layout-id20_6f32d3-88 > .kt-row-layout-overlay{opacity:0.30;}@media all and (max-width: 1024px){.kb-row-layout-id20_6f32d3-88 > .kt-row-column-wrap{grid-template-columns:minmax(0, 1fr);}}@media all and (max-width: 767px){.kb-row-layout-id20_6f32d3-88 > .kt-row-column-wrap{grid-template-columns:minmax(0, 1fr);}}<\/style><div class=\"kb-row-layout-wrap kb-row-layout-id20_6f32d3-88 alignnone wp-block-kadence-rowlayout\"><div class=\"kt-row-column-wrap kt-has-1-columns kt-row-layout-equal kt-tab-layout-inherit kt-mobile-layout-row kt-row-valign-top\">\n<style>.kadence-column20_7e3aa5-4a > .kt-inside-inner-col,.kadence-column20_7e3aa5-4a > .kt-inside-inner-col:before{border-top-left-radius:0px;border-top-right-radius:0px;border-bottom-right-radius:0px;border-bottom-left-radius:0px;}.kadence-column20_7e3aa5-4a > .kt-inside-inner-col{column-gap:var(--global-kb-gap-sm, 1rem);}.kadence-column20_7e3aa5-4a > .kt-inside-inner-col{flex-direction:column;}.kadence-column20_7e3aa5-4a > .kt-inside-inner-col > .aligncenter{width:100%;}.kadence-column20_7e3aa5-4a > .kt-inside-inner-col:before{opacity:0.3;}.kadence-column20_7e3aa5-4a{position:relative;}@media all and (max-width: 1024px){.kadence-column20_7e3aa5-4a > .kt-inside-inner-col{flex-direction:column;justify-content:center;}}@media all and (max-width: 767px){.kadence-column20_7e3aa5-4a > .kt-inside-inner-col{flex-direction:column;justify-content:center;}}<\/style>\n<div class=\"wp-block-kadence-column kadence-column20_7e3aa5-4a\"><div class=\"kt-inside-inner-col\">\n<p>* A renova\u00e7\u00e3o da licen\u00e7a entre 1 de Janeiro a 30 de Novembro sofre um agravamento de 100%<\/p>\n<\/div><\/div>\n\n<\/div><\/div><\/div><\/div>\n\n<\/div><\/div><\/div><\/div>\n<\/div><\/div><\/div>\n\n\n\n<p><strong>NOTA 1:<\/strong>&nbsp;As quotas t\u00eam um pagamento m\u00ednimo na inscri\u00e7\u00e3o de 3 meses.<br><strong>NOTA 2:<\/strong>&nbsp;Se encontrar dificuldades em calcular o valor a pagar por favor contacte&nbsp;manuelcardoso@can.pt&nbsp;para o ajudar a calcular o valor final.<\/p>\n\n\n\n<p><strong>4 &#8211; Envio\/Entrega da documenta\u00e7\u00e3o:<\/strong><\/p>\n\n\n\n<p>Os documentos podem ser enviados por correio, caso\u00a0 tenha optado pelo pagamento por cheque deve anexa-lo junto com o resto da documenta\u00e7\u00e3o. Os documentos podem tamb\u00e9m ser entregues em m\u00e3o na\u00a0<a href=\"https:\/\/www.google.com\/maps\/place\/Pista+da+Serrinha\/@41.0364107,-8.3844412,1155m\/data=!3m2!1e3!4b1!4m6!3m5!1s0xd24830c1e55fb49:0xa8ddbe04aa1950a7!8m2!3d41.0364107!4d-8.3818663!16s%2Fg%2F11fk93_t2t?entry=ttu&amp;g_ep=EgoyMDI1MTEyMy4xIKXMDSoASAFQAw%3D%3D\" target=\"_blank\" rel=\"noreferrer noopener\">pista<\/a>\u00a0da Serinha.<\/p>\n\n\n\n<p><strong>Morada para envio dos documentos:<\/strong><\/p>\n\n\n\n<p>CAN \u2013 Clube Aeromodelismo do Norte<br>Rua do Barredo N\u00ba14<br>4050-093 &#8211; Porto &#8211; Portugal<\/p>\n\n\n\n<p>Parab\u00e9ns se efectuou todos estes passos j\u00e1 faz parte de uma grande fam\u00edlia de aeromodelistas. Seja um s\u00f3cio activo venha voar naquela que agora tamb\u00e9m \u00e9 a sua pista.<\/p>\n\n\n\n<p>Bons voos,<br>CAN \u2013 Clube Aeromodelismo do Norte<\/p>\n<\/div><\/div>\n\n<\/div><\/div>","protected":false},"excerpt":{"rendered":"<p>ecess\u00e1rios e preenche-los devidamente. Estes ficheiros s\u00e3o do tipo PDF e cont\u00eam formul\u00e1rios que permitem ser preenchidos directamente no computador assim como anexar a sua fotografia digitalizada, para isso \u00e9 necess\u00e1rio clicar e percorrer os diversos campos a serem preenchidos. Depois dos ficheiros preenchidos podem ser impressos. Os ficheiros tamb\u00e9m podem ser preenchidos manualmente, deixando&#8230;<\/p>\n","protected":false},"author":1,"featured_media":0,"parent":0,"menu_order":0,"comment_status":"closed","ping_status":"closed","template":"","meta":{"_kad_post_transparent":"","_kad_post_title":"","_kad_post_layout":"","_kad_post_sidebar_id":"","_kad_post_content_style":"","_kad_post_vertical_padding":"","_kad_post_feature":"","_kad_post_feature_position":"","_kad_post_header":false,"_kad_post_footer":false,"_kad_post_classname":"","footnotes":""},"class_list":["post-20","page","type-page","status-publish","hentry"],"_links":{"self":[{"href":"https:\/\/www.can.pt\/index.php\/wp-json\/wp\/v2\/pages\/20","targetHints":{"allow":["GET"]}}],"collection":[{"href":"https:\/\/www.can.pt\/index.php\/wp-json\/wp\/v2\/pages"}],"about":[{"href":"https:\/\/www.can.pt\/index.php\/wp-json\/wp\/v2\/types\/page"}],"author":[{"embeddable":true,"href":"https:\/\/www.can.pt\/index.php\/wp-json\/wp\/v2\/users\/1"}],"replies":[{"embeddable":true,"href":"https:\/\/www.can.pt\/index.php\/wp-json\/wp\/v2\/comments?post=20"}],"version-history":[{"count":7,"href":"https:\/\/www.can.pt\/index.php\/wp-json\/wp\/v2\/pages\/20\/revisions"}],"predecessor-version":[{"id":436,"href":"https:\/\/www.can.pt\/index.php\/wp-json\/wp\/v2\/pages\/20\/revisions\/436"}],"wp:attachment":[{"href":"https:\/\/www.can.pt\/index.php\/wp-json\/wp\/v2\/media?parent=20"}],"curies":[{"name":"wp","href":"https:\/\/api.w.org\/{rel}","templated":true}]}}