{"id":16,"date":"2025-09-01T22:52:01","date_gmt":"2025-09-01T21:52:01","guid":{"rendered":"https:\/\/www.can.pt\/?page_id=16"},"modified":"2025-09-03T22:21:53","modified_gmt":"2025-09-03T21:21:53","slug":"corpos-sociais","status":"publish","type":"page","link":"https:\/\/www.can.pt\/index.php\/corpos-sociais\/","title":{"rendered":"Corpos sociais"},"content":{"rendered":"<style>.kb-row-layout-id16_d55ad1-fb > .kt-row-column-wrap{align-content:start;}:where(.kb-row-layout-id16_d55ad1-fb > .kt-row-column-wrap) > .wp-block-kadence-column{justify-content:start;}.kb-row-layout-id16_d55ad1-fb > .kt-row-column-wrap{column-gap:var(--global-kb-gap-md, 2rem);row-gap:var(--global-kb-gap-md, 2rem);padding-top:0px;padding-right:0px;padding-bottom:0px;padding-left:0px;grid-template-columns:minmax(0, 1fr);}.kb-row-layout-id16_d55ad1-fb > .kt-row-layout-overlay{opacity:0.30;}@media all and (max-width: 1024px){.kb-row-layout-id16_d55ad1-fb > .kt-row-column-wrap{grid-template-columns:minmax(0, 1fr);}}@media all and (max-width: 767px){.kb-row-layout-id16_d55ad1-fb > .kt-row-column-wrap{grid-template-columns:minmax(0, 1fr);}}<\/style><div class=\"kb-row-layout-wrap kb-row-layout-id16_d55ad1-fb alignnone wp-block-kadence-rowlayout\"><div class=\"kt-row-column-wrap kt-has-1-columns kt-row-layout-equal kt-tab-layout-inherit kt-mobile-layout-row kt-row-valign-top\">\n<style>.kadence-column16_38ac41-9c > .kt-inside-inner-col,.kadence-column16_38ac41-9c > .kt-inside-inner-col:before{border-top-left-radius:0px;border-top-right-radius:0px;border-bottom-right-radius:0px;border-bottom-left-radius:0px;}.kadence-column16_38ac41-9c > .kt-inside-inner-col{column-gap:var(--global-kb-gap-sm, 1rem);}.kadence-column16_38ac41-9c > .kt-inside-inner-col{flex-direction:column;}.kadence-column16_38ac41-9c > .kt-inside-inner-col > .aligncenter{width:100%;}.kadence-column16_38ac41-9c > .kt-inside-inner-col:before{opacity:0.3;}.kadence-column16_38ac41-9c{position:relative;}@media all and (max-width: 1024px){.kadence-column16_38ac41-9c > .kt-inside-inner-col{flex-direction:column;justify-content:center;}}@media all and (max-width: 767px){.kadence-column16_38ac41-9c > .kt-inside-inner-col{flex-direction:column;justify-content:center;}}<\/style>\n<div class=\"wp-block-kadence-column kadence-column16_38ac41-9c\"><div class=\"kt-inside-inner-col\"><div class=\"wp-block-image\">\n<figure class=\"aligncenter size-full is-resized\"><img loading=\"lazy\" decoding=\"async\" width=\"620\" height=\"350\" src=\"https:\/\/www.can.pt\/wp-content\/uploads\/2025\/09\/canlogo_ori2.png\" alt=\"\" class=\"wp-image-158\" style=\"width:300px\" srcset=\"https:\/\/www.can.pt\/wp-content\/uploads\/2025\/09\/canlogo_ori2.png 620w, https:\/\/www.can.pt\/wp-content\/uploads\/2025\/09\/canlogo_ori2-300x169.png 300w\" sizes=\"auto, (max-width: 620px) 100vw, 620px\" \/><\/figure>\n<\/div>\n\n<style>.wp-block-kadence-advancedheading.kt-adv-heading16_9f6978-d7, .wp-block-kadence-advancedheading.kt-adv-heading16_9f6978-d7[data-kb-block=\"kb-adv-heading16_9f6978-d7\"]{text-align:center;font-style:normal;}.wp-block-kadence-advancedheading.kt-adv-heading16_9f6978-d7 mark.kt-highlight, .wp-block-kadence-advancedheading.kt-adv-heading16_9f6978-d7[data-kb-block=\"kb-adv-heading16_9f6978-d7\"] mark.kt-highlight{font-style:normal;color:#f76a0c;-webkit-box-decoration-break:clone;box-decoration-break:clone;padding-top:0px;padding-right:0px;padding-bottom:0px;padding-left:0px;}<\/style>\n<h1 class=\"kt-adv-heading16_9f6978-d7 wp-block-kadence-advancedheading\" data-kb-block=\"kb-adv-heading16_9f6978-d7\"><mark true=\"true\" class=\"kt-highlight\"><mark style=\"background-color:rgba(0, 0, 0, 0);color:#ff0000\" class=\"has-inline-color\">C<\/mark><\/mark>lube <mark style=\"background-color:rgba(0, 0, 0, 0);color:#ff0000\" class=\"has-inline-color\">A<\/mark>eromodelismo do <mark style=\"background-color:rgba(0, 0, 0, 0);color:#ff0000\" class=\"has-inline-color\">N<\/mark>orte<\/h1>\n\n\n\n<h1 class=\"wp-block-heading has-text-align-center\">LISTA A<\/h1>\n\n\n\n<h3 class=\"wp-block-heading has-text-align-center\">BI\u00c9NIO &#8211; 2025\/2026<\/h3>\n\n\n\n<h2 class=\"wp-block-heading has-text-align-center\">ASSEMBLEIA GERAL<\/h2>\n\n\n\n<p class=\"has-text-align-center\"><strong>PRESIDENTE<\/strong>: Ant\u00f3nio Manuel Gon\u00e7alves Moreira<\/p>\n\n\n\n<p class=\"has-text-align-center\"><strong>VICE -PRESIDENTE<\/strong>: Rui Manuel Sarmento Costa D\u2019Almeida e Mello<\/p>\n\n\n\n<p class=\"has-text-align-center\"><strong>SECRET\u00c1RIO<\/strong>: Em\u00edlia Maria Dourado Ramos Martins Vilas<\/p>\n\n\n\n<h3 class=\"wp-block-heading has-text-align-center\">CONSELHO \u2013 FISCAL<\/h3>\n\n\n\n<p class=\"has-text-align-center\"><strong>PRESIDENTE<\/strong>: Ant\u00f3nio Jorge Ferraz Vilas<\/p>\n\n\n\n<p class=\"has-text-align-center\"><strong>SECRET<strong>\u00c1<\/strong>RIO<\/strong>: Vasco Miguel Faleiro Cabral Lima<\/p>\n\n\n\n<p class=\"has-text-align-center\"><strong>RELATOR<a>: <\/a><\/strong>&nbsp;Emanuel santos marinho Alves<\/p>\n\n\n\n<h3 class=\"wp-block-heading has-text-align-center\">DIREC\u00c7\u00c3O<\/h3>\n\n\n\n<p class=\"has-text-align-center\"><strong>PRESIDENTE<\/strong>: Manuel Ant\u00f3nio Martinho Cardoso<\/p>\n\n\n\n<p class=\"has-text-align-center\"><strong>VICE-PRESIDENTE<\/strong>: Agostinho Gomes Pinto<\/p>\n\n\n\n<p class=\"has-text-align-center\"><strong>TESOUREIRO<\/strong>: Bruno Rebelo Cardoso<\/p>\n\n\n\n<p class=\"has-text-align-center\"><strong>SECRET<strong>\u00c1<\/strong>RIO<\/strong>: Maria Concei\u00e7\u00e3o Dourado Ramos Martins<\/p>\n\n\n\n<p class=\"has-text-align-center\"><strong>VOGAL<\/strong>: Manuel Almeida Ferreira<\/p>\n\n\n\n<p class=\"has-text-align-center\"><strong>VOGAL<\/strong>: Jo\u00e3o Miguel De Sousa Oliveira<\/p>\n\n\n\n<p class=\"has-text-align-center\"><strong>VOGAL<\/strong>: Lu\u00eds Miguel Rocha Pinto<\/p>\n\n\n\n<p class=\"has-text-align-center\"><\/p>\n<\/div><\/div>\n\n<\/div><\/div>","protected":false},"excerpt":{"rendered":"<p>Clube Aeromodelismo do Norte LISTA A BI\u00c9NIO &#8211; 2025\/2026 ASSEMBLEIA GERAL PRESIDENTE: Ant\u00f3nio Manuel Gon\u00e7alves Moreira VICE -PRESIDENTE: Rui Manuel Sarmento Costa D\u2019Almeida e Mello SECRET\u00c1RIO: Em\u00edlia Maria Dourado Ramos Martins Vilas CONSELHO \u2013 FISCAL PRESIDENTE: Ant\u00f3nio Jorge Ferraz Vilas SECRET\u00c1RIO: Vasco Miguel Faleiro Cabral Lima RELATOR: &nbsp;Emanuel santos marinho Alves DIREC\u00c7\u00c3O PRESIDENTE: Manuel Ant\u00f3nio&#8230;<\/p>\n","protected":false},"author":1,"featured_media":0,"parent":0,"menu_order":0,"comment_status":"closed","ping_status":"closed","template":"","meta":{"_kad_post_transparent":"","_kad_post_title":"","_kad_post_layout":"","_kad_post_sidebar_id":"","_kad_post_content_style":"","_kad_post_vertical_padding":"","_kad_post_feature":"","_kad_post_feature_position":"","_kad_post_header":false,"_kad_post_footer":false,"_kad_post_classname":"","footnotes":""},"class_list":["post-16","page","type-page","status-publish","hentry"],"_links":{"self":[{"href":"https:\/\/www.can.pt\/index.php\/wp-json\/wp\/v2\/pages\/16","targetHints":{"allow":["GET"]}}],"collection":[{"href":"https:\/\/www.can.pt\/index.php\/wp-json\/wp\/v2\/pages"}],"about":[{"href":"https:\/\/www.can.pt\/index.php\/wp-json\/wp\/v2\/types\/page"}],"author":[{"embeddable":true,"href":"https:\/\/www.can.pt\/index.php\/wp-json\/wp\/v2\/users\/1"}],"replies":[{"embeddable":true,"href":"https:\/\/www.can.pt\/index.php\/wp-json\/wp\/v2\/comments?post=16"}],"version-history":[{"count":0,"href":"https:\/\/www.can.pt\/index.php\/wp-json\/wp\/v2\/pages\/16\/revisions"}],"wp:attachment":[{"href":"https:\/\/www.can.pt\/index.php\/wp-json\/wp\/v2\/media?parent=16"}],"curies":[{"name":"wp","href":"https:\/\/api.w.org\/{rel}","templated":true}]}}