{"id":14,"date":"2025-09-01T22:51:02","date_gmt":"2025-09-01T21:51:02","guid":{"rendered":"https:\/\/www.can.pt\/?page_id=14"},"modified":"2025-09-03T22:05:54","modified_gmt":"2025-09-03T21:05:54","slug":"contactos","status":"publish","type":"page","link":"https:\/\/www.can.pt\/index.php\/contactos\/","title":{"rendered":"Contactos"},"content":{"rendered":"<style>.kb-row-layout-id14_56ced0-74 > .kt-row-column-wrap{align-content:start;}:where(.kb-row-layout-id14_56ced0-74 > .kt-row-column-wrap) > .wp-block-kadence-column{justify-content:start;}.kb-row-layout-id14_56ced0-74 > .kt-row-column-wrap{column-gap:var(--global-kb-gap-md, 2rem);row-gap:var(--global-kb-gap-md, 2rem);padding-top:var(--global-kb-spacing-sm, 1.5rem);padding-bottom:var(--global-kb-spacing-sm, 1.5rem);grid-template-columns:minmax(0, 1fr);}.kb-row-layout-id14_56ced0-74 > .kt-row-layout-overlay{opacity:0.30;}@media all and (max-width: 1024px){.kb-row-layout-id14_56ced0-74 > .kt-row-column-wrap{grid-template-columns:minmax(0, 1fr);}}@media all and (max-width: 767px){.kb-row-layout-id14_56ced0-74 > .kt-row-column-wrap{grid-template-columns:minmax(0, 1fr);}}<\/style><div class=\"kb-row-layout-wrap kb-row-layout-id14_56ced0-74 alignnone wp-block-kadence-rowlayout\"><div class=\"kt-row-column-wrap kt-has-1-columns kt-row-layout-equal kt-tab-layout-inherit kt-mobile-layout-row kt-row-valign-top\">\n<style>.kadence-column14_abe797-99 > .kt-inside-inner-col,.kadence-column14_abe797-99 > .kt-inside-inner-col:before{border-top-left-radius:0px;border-top-right-radius:0px;border-bottom-right-radius:0px;border-bottom-left-radius:0px;}.kadence-column14_abe797-99 > .kt-inside-inner-col{column-gap:var(--global-kb-gap-sm, 1rem);}.kadence-column14_abe797-99 > .kt-inside-inner-col{flex-direction:column;}.kadence-column14_abe797-99 > .kt-inside-inner-col > .aligncenter{width:100%;}.kadence-column14_abe797-99 > .kt-inside-inner-col:before{opacity:0.3;}.kadence-column14_abe797-99{position:relative;}@media all and (max-width: 1024px){.kadence-column14_abe797-99 > .kt-inside-inner-col{flex-direction:column;justify-content:center;}}@media all and (max-width: 767px){.kadence-column14_abe797-99 > .kt-inside-inner-col{flex-direction:column;justify-content:center;}}<\/style>\n<div class=\"wp-block-kadence-column kadence-column14_abe797-99\"><div class=\"kt-inside-inner-col\">\n<p>Se pretende obter informa\u00e7\u00f5es mais detalhadas sobre algum dos nossos servi\u00e7os, entre em em contacto connosco, poder\u00e1 faze-lo atrav\u00e9s de e-mail ou telefone. Desde j\u00e1, agradecemos o seu contacto.<\/p>\n\n\n\n<p>Para assuntos relacionados com o clube, perguntas, d\u00favidas etc, por favor contactar:<\/p>\n\n\n\n<h3 class=\"wp-block-heading\">Presidente do CAN<\/h3>\n\n\n\n<p>Manuel Cardoso<\/p>\n\n\n\n<p>E-mail:\u00a0manuelcardoso@can.pt<\/p>\n\n\n\n<p>Telem\u00f3vel:&nbsp;925 015 472<\/p>\n\n\n\n<h3 class=\"wp-block-heading\">Vice-Presidente do CAN<\/h3>\n\n\n\n<p>Agostinho Pinto<\/p>\n\n\n\n<p>E-mail: agostinhopinto@can.pt<\/p>\n\n\n\n<p>Telem\u00f3vel: 919 798 329<\/p>\n\n\n\n<p>Para assuntos relacionados com a p\u00e1gina da Internet, por favor contactar:<\/p>\n\n\n\n<p>E-mail:&nbsp;administrador@can.pt<\/p>\n<\/div><\/div>\n\n<\/div><\/div>","protected":false},"excerpt":{"rendered":"<p>Se pretende obter informa\u00e7\u00f5es mais detalhadas sobre algum dos nossos servi\u00e7os, entre em em contacto connosco, poder\u00e1 faze-lo atrav\u00e9s de e-mail ou telefone. Desde j\u00e1, agradecemos o seu contacto. Para assuntos relacionados com o clube, perguntas, d\u00favidas etc, por favor contactar: Presidente do CAN Manuel Cardoso E-mail:\u00a0manuelcardoso@can.pt Telem\u00f3vel:&nbsp;925 015 472 Vice-Presidente do CAN Agostinho Pinto&#8230;<\/p>\n","protected":false},"author":1,"featured_media":0,"parent":0,"menu_order":0,"comment_status":"closed","ping_status":"closed","template":"","meta":{"_kad_post_transparent":"","_kad_post_title":"","_kad_post_layout":"","_kad_post_sidebar_id":"","_kad_post_content_style":"","_kad_post_vertical_padding":"","_kad_post_feature":"","_kad_post_feature_position":"","_kad_post_header":false,"_kad_post_footer":false,"_kad_post_classname":"","footnotes":""},"class_list":["post-14","page","type-page","status-publish","hentry"],"_links":{"self":[{"href":"https:\/\/www.can.pt\/index.php\/wp-json\/wp\/v2\/pages\/14","targetHints":{"allow":["GET"]}}],"collection":[{"href":"https:\/\/www.can.pt\/index.php\/wp-json\/wp\/v2\/pages"}],"about":[{"href":"https:\/\/www.can.pt\/index.php\/wp-json\/wp\/v2\/types\/page"}],"author":[{"embeddable":true,"href":"https:\/\/www.can.pt\/index.php\/wp-json\/wp\/v2\/users\/1"}],"replies":[{"embeddable":true,"href":"https:\/\/www.can.pt\/index.php\/wp-json\/wp\/v2\/comments?post=14"}],"version-history":[{"count":0,"href":"https:\/\/www.can.pt\/index.php\/wp-json\/wp\/v2\/pages\/14\/revisions"}],"wp:attachment":[{"href":"https:\/\/www.can.pt\/index.php\/wp-json\/wp\/v2\/media?parent=14"}],"curies":[{"name":"wp","href":"https:\/\/api.w.org\/{rel}","templated":true}]}}